{"id":3860,"date":"2024-09-24T16:36:46","date_gmt":"2024-09-24T16:36:46","guid":{"rendered":"https:\/\/www.centrejaima.com\/terms-privacy\/"},"modified":"2025-01-31T00:14:26","modified_gmt":"2025-01-31T00:14:26","slug":"politique-de-confidentialite","status":"publish","type":"page","link":"https:\/\/www.centrejaima.com\/fr\/politique-de-confidentialite\/","title":{"rendered":"Politique de confidentialite"},"content":{"rendered":"\t\t<div data-elementor-type=\"wp-page\" data-elementor-id=\"3860\" class=\"elementor elementor-3860 elementor-1148\" data-elementor-post-type=\"page\">\n\t\t\t\t<div class=\"elementor-element elementor-element-13e1b28a e-flex e-con-boxed e-con e-parent\" data-id=\"13e1b28a\" data-element_type=\"container\" data-e-type=\"container\">\n\t\t\t\t\t<div class=\"e-con-inner\">\n\t\t<div class=\"elementor-element elementor-element-7212dedf e-con-full e-flex e-con e-child\" data-id=\"7212dedf\" data-element_type=\"container\" data-e-type=\"container\">\n\t\t\t\t<div class=\"elementor-element elementor-element-b9443e2 elementor-widget-divider--view-line elementor-widget elementor-widget-divider\" data-id=\"b9443e2\" data-element_type=\"widget\" data-e-type=\"widget\" data-widget_type=\"divider.default\">\n\t\t\t\t<div class=\"elementor-widget-container\">\n\t\t\t\t\t\t\t<div class=\"elementor-divider\">\n\t\t\t<span class=\"elementor-divider-separator\">\n\t\t\t\t\t\t<\/span>\n\t\t<\/div>\n\t\t\t\t\t\t<\/div>\n\t\t\t\t<\/div>\n\t\t\t\t<div class=\"elementor-element elementor-element-29f6015d elementor-widget elementor-widget-heading\" data-id=\"29f6015d\" data-element_type=\"widget\" data-e-type=\"widget\" data-widget_type=\"heading.default\">\n\t\t\t\t<div class=\"elementor-widget-container\">\n\t\t\t\t\t<h2 class=\"elementor-heading-title elementor-size-default\">POLITIQUE DE CONFIDENTIALIT\u00c9<\/h2>\t\t\t\t<\/div>\n\t\t\t\t<\/div>\n\t\t\t\t<div class=\"elementor-element elementor-element-2b1a980e elementor-widget elementor-widget-text-editor\" data-id=\"2b1a980e\" data-element_type=\"widget\" data-e-type=\"widget\" data-widget_type=\"text-editor.default\">\n\t\t\t\t<div class=\"elementor-widget-container\">\n\t\t\t\t\t\t\t\t\t<p>Toute r\u00e9f\u00e9rence au Centre Jai Ma sur ce site Web (ci-apr\u00e8s le \u00ab Site \u00bb) signifie, selon le contexte, l\u2019ensemble ou une partie de ses soci\u00e9t\u00e9s li\u00e9es et\/ou filiales. Le Centre Jai Ma s\u2019engage \u00e0 adopter des principes visant \u00e0 prot\u00e9ger votre vie priv\u00e9e sur Internet. La pr\u00e9sente politique de confidentialit\u00e9 vise \u00e0 fournir une divulgation compl\u00e8te sur la fa\u00e7on dont nous utilisons les renseignements qui peuvent \u00eatre recueillis sur le site Web. Cette politique s\u2019applique au site Web et aux renseignements recueillis par le biais du site Web et utilis\u00e9s et divulgu\u00e9s par le Centre Jai Ma dans le cours normal de ses activit\u00e9s. Elle ne s\u2019applique \u00e0 aucun autre service du Centre Jai Ma ni aux relations qu\u2019il entretient avec les utilisateurs ou les clients et ne s\u2019applique pas aux sites Web exploit\u00e9s par des tiers qui peuvent \u00eatre li\u00e9s au site Web ou \u00e0 tout autre site Web du Centre Jai Ma.<\/p><p>\u00a0<\/p><p>EN UTILISANT CE SITE WEB, VOUS ACCEPTEZ LA POLITIQUE DE CONFIDENTIALIT\u00c9 DU <strong>Centre Jai Ma<\/strong>. SI VOUS N\u2019\u00caTES PAS D\u2019ACCORD AVEC CETTE POLITIQUE, VEUILLEZ NE PAS UTILISER CE SITE WEB.<br \/>INFORMATIONS RECUEILLIES<\/p><p>\u00a0<\/p><p>Le Centre Jai Ma recueille les renseignements personnels des visiteurs du site Web uniquement sur une base volontaire. Centre Jai Ma ne vend, ne partage, ni ne loue les renseignements personnels \u00e0 d\u2019autres entreprises. Le Centre Jai Ma ne divulguera pas vos renseignements personnels \u00e0 une tierce partie \u00e0 moins que vous y consentiez ou si le Centre Jai Ma, ou une partie importante de ses actifs, est acquise en dehors de son cours normal d\u2019affaires lorsque ces renseignements personnels font partie des actifs acquis. Le Centre Jai Ma prot\u00e8ge la confidentialit\u00e9 des renseignements qu\u2019il recueille aupr\u00e8s de ses clients. Seuls les employ\u00e9s qui doivent y avoir acc\u00e8s dans le cadre de leurs activit\u00e9s commerciales ou de leurs fonctions normales auront acc\u00e8s aux renseignements personnels des clients du Centre Jai Ma.<\/p><p>\u00a0<\/p><p>Le Centre Jai Ma peut recueillir des renseignements non identifiables tels que le type de navigateur, le syst\u00e8me d\u2019exploitation et l\u2019adresse IP afin de s\u2019assurer que le site Web est optimis\u00e9 pour la plupart des utilisateurs. Ces renseignements non identifiables peuvent \u00e9galement \u00eatre utilis\u00e9s pour am\u00e9liorer le rendement du site Web. Le serveur Web du Centre Jai Ma recueille \u00e9galement les noms de domaine des visiteurs du site Web. Ces informations sont agr\u00e9g\u00e9es pour mesurer le nombre de visites, le temps moyen pass\u00e9 sur le site, les pages consult\u00e9es, etc. Le Centre Jai Ma utilise ces renseignements pour mesurer l\u2019utilisation du site Web et pour am\u00e9liorer son contenu.<\/p><p>\u00a0<\/p><p><strong>COOKIES<\/strong><br \/>Un cookie est un petit fichier de donn\u00e9es que les sites web \u00e9crivent g\u00e9n\u00e9ralement sur votre disque dur lorsque vous les visitez. Un cookie contient des informations qui peuvent vous identifier \u00e0 chaque fois que vous visitez le site web. Les donn\u00e9es sont crypt\u00e9es pour augmenter votre s\u00e9curit\u00e9. Le site web peut utiliser des cookies en permanence pour mesurer l\u2019activit\u00e9 et le trafic sur le site web afin d\u2019am\u00e9liorer votre exp\u00e9rience. Le Centre Jai Ma peut utiliser des cookies pour rendre vos visites sur le site Web plus efficaces et plus pratiques pour vous. Votre navigateur peut \u00eatre configur\u00e9 pour vous avertir avant d\u2019accepter les cookies, et vous pouvez choisir de refuser les cookies en les d\u00e9sactivant dans votre navigateur. Si vous choisissez de d\u00e9sactiver le param\u00e9trage des cookies ou si vous refusez d\u2019accepter les cookies, certaines parties du site web peuvent ne pas fonctionner correctement ou fonctionner beaucoup plus lentement.<\/p><p>\u00a0<\/p><p><strong>L\u2019UTILISATION DES INFORMATIONS PERSONNELLES<\/strong><br \/>Nous utilisons vos informations personnelles uniquement aux fins d\u00e9crites dans la pr\u00e9sente politique de confidentialit\u00e9, ou dans les cas autoris\u00e9s ou requis par la loi. Avant d\u2019utiliser ou de divulguer vos informations personnelles \u00e0 d\u2019autres fins, nous vous demanderons votre consentement, sauf si cette utilisation ou divulgation sans votre consentement est autoris\u00e9e ou requise par la loi.<\/p><p>\u00a0<\/p><p><strong>DIVULGATION D\u2019INFORMATIONS PERSONNELLES<\/strong><br \/>Nous ne divulguons vos informations personnelles qu\u2019aux fins d\u00e9crites dans la pr\u00e9sente politique de confidentialit\u00e9, ou dans les cas autoris\u00e9s ou requis par la loi.<\/p><p>\u00a0<\/p><p><strong>ACC\u00c8S \u00c0 VOS INFORMATIONS PERSONNELLES<\/strong><br \/>Vous pouvez demander \u00e0 consulter les renseignements personnels que poss\u00e8de le Centre Jai Ma en communiquant directement avec nous. Vous pouvez demander que des corrections soient apport\u00e9es en nous montrant que les renseignements en notre possession sont erron\u00e9s. Veuillez noter que dans certains cas, l\u2019acc\u00e8s \u00e0 votre dossier peut \u00eatre refus\u00e9, par exemple, si la divulgation des renseignements soul\u00e8verait des probl\u00e8mes d\u2019ordre juridique, de s\u00e9curit\u00e9 ou de protection de la vie priv\u00e9e.<\/p><p>\u00a0<\/p><p><strong>DES LIENS VERS D\u2019AUTRES SITES<\/strong><br \/>Le site web peut contenir des liens vers d\u2019autres sites. Ces sites tiers fonctionnent ind\u00e9pendamment du site Web, et le Centre Jai Ma n\u2019est pas responsable du contenu ou des politiques de confidentialit\u00e9 de ces autres sites. Le fait que le Centre Jai Ma affiche sur le Site Web des liens vers d\u2019autres entreprises ou vers des personnes ne signifie pas que le Centre Jai Ma endosse les biens ou services offerts par ces sites ni que le Centre Jai Ma est responsable de ces biens et services ou du contenu ou des politiques de confidentialit\u00e9 de ces sites. Nous recommandons fortement aux visiteurs du site Web de lire les politiques de confidentialit\u00e9 et les d\u00e9clarations de protection de la vie priv\u00e9e de tout site Web externe.<\/p><p>\u00a0<\/p><p><strong>SPAM<\/strong><br \/>Le Centre Jai Ma respecte la l\u00e9gislation anti-pourriel du Canada (CASL) ; et nous nous engageons \u00e0 faire en sorte que nos visiteurs et\/ou r\u00e9sidents, ou toute autre personne, ne re\u00e7oivent pas de messages \u00e9lectroniques non sollicit\u00e9s. Veuillez nous contacter si vous avez re\u00e7u un message du Centre Jai Ma que vous consid\u00e9rez comme un pourriel.<\/p><p>\u00a0<\/p><p><strong>MODIFICATION DE LA POLITIQUE DE PROTECTION DE LA VIE PRIV\u00c9E<\/strong><br \/>Si le Centre Jai Ma d\u00e9cide de modifier ses politiques et pratiques en mati\u00e8re de confidentialit\u00e9, le Centre Jai Ma affichera ces modifications \u00e0 la politique de confidentialit\u00e9 sur le site Web avant qu\u2019elles n\u2019entrent en vigueur afin que les utilisateurs du site Web sachent toujours quels renseignements le Centre Jai Ma recueille ; ils sauront que le Centre Jai Ma utilise ces renseignements et dans quelles circonstances, le cas \u00e9ch\u00e9ant, le Centre Jai Ma divulgue ces renseignements. La date de la plus r\u00e9cente modification appara\u00eetra au bas de la pr\u00e9sente politique de confidentialit\u00e9.<br \/>Si, \u00e0 quelque moment que ce soit, Centre Jai Ma d\u00e9cide d\u2019utiliser des renseignements personnels identifiables d\u2019une mani\u00e8re diff\u00e9rente de celle \u00e9nonc\u00e9e au moment o\u00f9 ces renseignements ont \u00e9t\u00e9 recueillis, Centre Jai Ma en avisera les utilisateurs, si la loi l\u2019exige. Les utilisateurs auront le choix de permettre ou non \u00e0 Centre Jai Ma d\u2019utiliser leurs renseignements de cette mani\u00e8re diff\u00e9rente. Le Centre Jai Ma continuera \u00e0 pouvoir utiliser les renseignements conform\u00e9ment \u00e0 la politique de confidentialit\u00e9 en vertu de laquelle les renseignements ont \u00e9t\u00e9 initialement recueillis.<\/p><p>\u00a0<\/p><p><strong>RENSEIGNEMENTS SUPPL\u00c9MENTAIRES<\/strong><br \/>Veuillez communiquer avec nous si vous avez des questions ou des pr\u00e9occupations concernant la d\u00e9claration ou la gestion de vos renseignements personnels par le Centre Jai Ma. <\/p><p><strong>CONTACT:<\/strong> louise@centrejaima.com<\/p><p><strong>30 janvier 2025<\/strong><\/p>\t\t\t\t\t\t\t\t<\/div>\n\t\t\t\t<\/div>\n\t\t\t\t<\/div>\n\t\t\t\t\t<\/div>\n\t\t\t\t<\/div>\n\t\t\t\t<\/div>\n\t\t","protected":false},"excerpt":{"rendered":"<p>POLITIQUE DE CONFIDENTIALIT\u00c9 Toute r\u00e9f\u00e9rence au Centre Jai Ma sur ce site Web (ci-apr\u00e8s le \u00ab Site \u00bb) signifie, selon le contexte, l\u2019ensemble ou une partie de ses soci\u00e9t\u00e9s li\u00e9es et\/ou filiales. Le Centre Jai Ma s\u2019engage \u00e0 adopter des principes visant \u00e0 prot\u00e9ger votre vie priv\u00e9e sur Internet. La pr\u00e9sente politique de confidentialit\u00e9 vise [&hellip;]<\/p>\n","protected":false},"author":1,"featured_media":0,"parent":0,"menu_order":0,"comment_status":"closed","ping_status":"closed","template":"elementor_header_footer","meta":{"footnotes":""},"class_list":["post-3860","page","type-page","status-publish","hentry"],"yoast_head":"<!-- This site is optimized with the Yoast SEO plugin v27.4 - https:\/\/yoast.com\/product\/yoast-seo-wordpress\/ -->\n<title>Politique de confidentialite - Centre Jai Ma<\/title>\n<meta name=\"robots\" content=\"index, follow, max-snippet:-1, max-image-preview:large, max-video-preview:-1\" \/>\n<link rel=\"canonical\" href=\"https:\/\/www.centrejaima.com\/privacy-policy\/\" \/>\n<meta property=\"og:locale\" content=\"fr_FR\" \/>\n<meta property=\"og:type\" content=\"article\" \/>\n<meta property=\"og:title\" content=\"Politique de confidentialite - Centre Jai Ma\" \/>\n<meta property=\"og:description\" content=\"POLITIQUE DE CONFIDENTIALIT\u00c9 Toute r\u00e9f\u00e9rence au Centre Jai Ma sur ce site Web (ci-apr\u00e8s le \u00ab Site \u00bb) signifie, selon le contexte, l\u2019ensemble ou une partie de ses soci\u00e9t\u00e9s li\u00e9es et\/ou filiales. Le Centre Jai Ma s\u2019engage \u00e0 adopter des principes visant \u00e0 prot\u00e9ger votre vie priv\u00e9e sur Internet. La pr\u00e9sente politique de confidentialit\u00e9 vise [&hellip;]\" \/>\n<meta property=\"og:url\" content=\"https:\/\/www.centrejaima.com\/privacy-policy\/\" \/>\n<meta property=\"og:site_name\" content=\"Centre Jai Ma\" \/>\n<meta property=\"article:modified_time\" content=\"2025-01-31T00:14:26+00:00\" \/>\n<meta name=\"twitter:card\" content=\"summary_large_image\" \/>\n<meta name=\"twitter:label1\" content=\"Dur\u00e9e de lecture estim\u00e9e\" \/>\n\t<meta name=\"twitter:data1\" content=\"6 minutes\" \/>\n<script type=\"application\/ld+json\" class=\"yoast-schema-graph\">{\"@context\":\"https:\\\/\\\/schema.org\",\"@graph\":[{\"@type\":\"WebPage\",\"@id\":\"https:\\\/\\\/www.centrejaima.com\\\/privacy-policy\\\/\",\"url\":\"https:\\\/\\\/www.centrejaima.com\\\/privacy-policy\\\/\",\"name\":\"Politique de confidentialite - Centre Jai Ma\",\"isPartOf\":{\"@id\":\"https:\\\/\\\/www.centrejaima.com\\\/#website\"},\"datePublished\":\"2024-09-24T16:36:46+00:00\",\"dateModified\":\"2025-01-31T00:14:26+00:00\",\"breadcrumb\":{\"@id\":\"https:\\\/\\\/www.centrejaima.com\\\/privacy-policy\\\/#breadcrumb\"},\"inLanguage\":\"fr-FR\",\"potentialAction\":[{\"@type\":\"ReadAction\",\"target\":[\"https:\\\/\\\/www.centrejaima.com\\\/privacy-policy\\\/\"]}]},{\"@type\":\"BreadcrumbList\",\"@id\":\"https:\\\/\\\/www.centrejaima.com\\\/privacy-policy\\\/#breadcrumb\",\"itemListElement\":[{\"@type\":\"ListItem\",\"position\":1,\"name\":\"Home\",\"item\":\"https:\\\/\\\/www.centrejaima.com\\\/fr\\\/\"},{\"@type\":\"ListItem\",\"position\":2,\"name\":\"Politique de confidentialite\"}]},{\"@type\":\"WebSite\",\"@id\":\"https:\\\/\\\/www.centrejaima.com\\\/#website\",\"url\":\"https:\\\/\\\/www.centrejaima.com\\\/\",\"name\":\"Centre Jai Ma\",\"description\":\"Centre de bien-\u00eatre \\\/ Wellness Centre\",\"publisher\":{\"@id\":\"https:\\\/\\\/www.centrejaima.com\\\/#organization\"},\"potentialAction\":[{\"@type\":\"SearchAction\",\"target\":{\"@type\":\"EntryPoint\",\"urlTemplate\":\"https:\\\/\\\/www.centrejaima.com\\\/?s={search_term_string}\"},\"query-input\":{\"@type\":\"PropertyValueSpecification\",\"valueRequired\":true,\"valueName\":\"search_term_string\"}}],\"inLanguage\":\"fr-FR\"},{\"@type\":\"Organization\",\"@id\":\"https:\\\/\\\/www.centrejaima.com\\\/#organization\",\"name\":\"Centre Jai Ma\",\"url\":\"https:\\\/\\\/www.centrejaima.com\\\/\",\"logo\":{\"@type\":\"ImageObject\",\"inLanguage\":\"fr-FR\",\"@id\":\"https:\\\/\\\/www.centrejaima.com\\\/#\\\/schema\\\/logo\\\/image\\\/\",\"url\":\"https:\\\/\\\/www.centrejaima.com\\\/wp-content\\\/uploads\\\/2024\\\/06\\\/Round-Logo.png\",\"contentUrl\":\"https:\\\/\\\/www.centrejaima.com\\\/wp-content\\\/uploads\\\/2024\\\/06\\\/Round-Logo.png\",\"width\":850,\"height\":492,\"caption\":\"Centre Jai Ma\"},\"image\":{\"@id\":\"https:\\\/\\\/www.centrejaima.com\\\/#\\\/schema\\\/logo\\\/image\\\/\"}}]}<\/script>\n<!-- \/ Yoast SEO plugin. -->","yoast_head_json":{"title":"Politique de confidentialite - Centre Jai Ma","robots":{"index":"index","follow":"follow","max-snippet":"max-snippet:-1","max-image-preview":"max-image-preview:large","max-video-preview":"max-video-preview:-1"},"canonical":"https:\/\/www.centrejaima.com\/privacy-policy\/","og_locale":"fr_FR","og_type":"article","og_title":"Politique de confidentialite - Centre Jai Ma","og_description":"POLITIQUE DE CONFIDENTIALIT\u00c9 Toute r\u00e9f\u00e9rence au Centre Jai Ma sur ce site Web (ci-apr\u00e8s le \u00ab Site \u00bb) signifie, selon le contexte, l\u2019ensemble ou une partie de ses soci\u00e9t\u00e9s li\u00e9es et\/ou filiales. Le Centre Jai Ma s\u2019engage \u00e0 adopter des principes visant \u00e0 prot\u00e9ger votre vie priv\u00e9e sur Internet. La pr\u00e9sente politique de confidentialit\u00e9 vise [&hellip;]","og_url":"https:\/\/www.centrejaima.com\/privacy-policy\/","og_site_name":"Centre Jai Ma","article_modified_time":"2025-01-31T00:14:26+00:00","twitter_card":"summary_large_image","twitter_misc":{"Dur\u00e9e de lecture estim\u00e9e":"6 minutes"},"schema":{"@context":"https:\/\/schema.org","@graph":[{"@type":"WebPage","@id":"https:\/\/www.centrejaima.com\/privacy-policy\/","url":"https:\/\/www.centrejaima.com\/privacy-policy\/","name":"Politique de confidentialite - Centre Jai Ma","isPartOf":{"@id":"https:\/\/www.centrejaima.com\/#website"},"datePublished":"2024-09-24T16:36:46+00:00","dateModified":"2025-01-31T00:14:26+00:00","breadcrumb":{"@id":"https:\/\/www.centrejaima.com\/privacy-policy\/#breadcrumb"},"inLanguage":"fr-FR","potentialAction":[{"@type":"ReadAction","target":["https:\/\/www.centrejaima.com\/privacy-policy\/"]}]},{"@type":"BreadcrumbList","@id":"https:\/\/www.centrejaima.com\/privacy-policy\/#breadcrumb","itemListElement":[{"@type":"ListItem","position":1,"name":"Home","item":"https:\/\/www.centrejaima.com\/fr\/"},{"@type":"ListItem","position":2,"name":"Politique de confidentialite"}]},{"@type":"WebSite","@id":"https:\/\/www.centrejaima.com\/#website","url":"https:\/\/www.centrejaima.com\/","name":"Centre Jai Ma","description":"Centre de bien-\u00eatre \/ Wellness Centre","publisher":{"@id":"https:\/\/www.centrejaima.com\/#organization"},"potentialAction":[{"@type":"SearchAction","target":{"@type":"EntryPoint","urlTemplate":"https:\/\/www.centrejaima.com\/?s={search_term_string}"},"query-input":{"@type":"PropertyValueSpecification","valueRequired":true,"valueName":"search_term_string"}}],"inLanguage":"fr-FR"},{"@type":"Organization","@id":"https:\/\/www.centrejaima.com\/#organization","name":"Centre Jai Ma","url":"https:\/\/www.centrejaima.com\/","logo":{"@type":"ImageObject","inLanguage":"fr-FR","@id":"https:\/\/www.centrejaima.com\/#\/schema\/logo\/image\/","url":"https:\/\/www.centrejaima.com\/wp-content\/uploads\/2024\/06\/Round-Logo.png","contentUrl":"https:\/\/www.centrejaima.com\/wp-content\/uploads\/2024\/06\/Round-Logo.png","width":850,"height":492,"caption":"Centre Jai Ma"},"image":{"@id":"https:\/\/www.centrejaima.com\/#\/schema\/logo\/image\/"}}]}},"_links":{"self":[{"href":"https:\/\/www.centrejaima.com\/fr\/wp-json\/wp\/v2\/pages\/3860","targetHints":{"allow":["GET"]}}],"collection":[{"href":"https:\/\/www.centrejaima.com\/fr\/wp-json\/wp\/v2\/pages"}],"about":[{"href":"https:\/\/www.centrejaima.com\/fr\/wp-json\/wp\/v2\/types\/page"}],"author":[{"embeddable":true,"href":"https:\/\/www.centrejaima.com\/fr\/wp-json\/wp\/v2\/users\/1"}],"replies":[{"embeddable":true,"href":"https:\/\/www.centrejaima.com\/fr\/wp-json\/wp\/v2\/comments?post=3860"}],"version-history":[{"count":4,"href":"https:\/\/www.centrejaima.com\/fr\/wp-json\/wp\/v2\/pages\/3860\/revisions"}],"predecessor-version":[{"id":3865,"href":"https:\/\/www.centrejaima.com\/fr\/wp-json\/wp\/v2\/pages\/3860\/revisions\/3865"}],"wp:attachment":[{"href":"https:\/\/www.centrejaima.com\/fr\/wp-json\/wp\/v2\/media?parent=3860"}],"curies":[{"name":"wp","href":"https:\/\/api.w.org\/{rel}","templated":true}]}}